{"id":4093,"date":"2025-10-05T22:52:07","date_gmt":"2025-10-05T22:52:07","guid":{"rendered":"https:\/\/desserterie.se\/?page_id=4093"},"modified":"2026-02-24T13:29:23","modified_gmt":"2026-02-24T13:29:23","slug":"bestallning","status":"publish","type":"page","link":"https:\/\/desserterie.se\/?page_id=4093","title":{"rendered":"Best\u00e4llning"},"content":{"rendered":"\t\t<div data-elementor-type=\"wp-page\" data-elementor-id=\"4093\" class=\"elementor elementor-4093\">\n\t\t\t\t<div class=\"elementor-element elementor-element-b4724d8 e-flex e-con-boxed e-con e-parent\" data-id=\"b4724d8\" data-element_type=\"container\" data-e-type=\"container\">\n\t\t\t\t\t<div class=\"e-con-inner\">\n\t\t\t\t<div class=\"elementor-element elementor-element-f5566a6 elementor-widget elementor-widget-wpforms\" data-id=\"f5566a6\" data-element_type=\"widget\" data-e-type=\"widget\" data-widget_type=\"wpforms.default\">\n\t\t\t\t<div class=\"elementor-widget-container\">\n\t\t\t\t\t<div class=\"wpforms-container wpforms-container-full wpforms-render-modern\" id=\"wpforms-4152\"><form id=\"wpforms-form-4152\" class=\"wpforms-validate wpforms-form wpforms-ajax-form\" data-formid=\"4152\" method=\"post\" enctype=\"multipart\/form-data\" action=\"\/index.php?rest_route=%2Fwp%2Fv2%2Fpages%2F4093\" data-token=\"068c528bd406d52459883523d67bb7af\" data-token-time=\"1778698274\"><noscript class=\"wpforms-error-noscript\">Please enable JavaScript in your browser to complete this form.<\/noscript><div id=\"wpforms-error-noscript\" style=\"display: none;\">Please enable JavaScript in your browser to complete this form.<\/div><div class=\"wpforms-field-container\"><div id=\"wpforms-4152-field_1-container\" class=\"wpforms-field wpforms-field-name\" data-field-id=\"1\"><label class=\"wpforms-field-label\" for=\"wpforms-4152-field_1\">Namn <span class=\"wpforms-required-label\" aria-hidden=\"true\">*<\/span><\/label><input type=\"text\" id=\"wpforms-4152-field_1\" class=\"wpforms-field-medium wpforms-field-required\" name=\"wpforms[fields][1]\" aria-errormessage=\"wpforms-4152-field_1-error\" required><\/div>\t\t<div id=\"wpforms-4152-field_3-container\"\n\t\t\tclass=\"wpforms-field wpforms-field-text\"\n\t\t\tdata-field-type=\"text\"\n\t\t\tdata-field-id=\"3\"\n\t\t\t>\n\t\t\t<label class=\"wpforms-field-label\" for=\"wpforms-4152-field_3\" >Telefonnummer Best\u00e4llningsval Datum<\/label>\n\t\t\t<input type=\"text\" id=\"wpforms-4152-field_3\" class=\"wpforms-field-medium\" name=\"wpforms[fields][3]\" >\n\t\t<\/div>\n\t\t<div id=\"wpforms-4152-field_2-container\" class=\"wpforms-field wpforms-field-email\" data-field-id=\"2\"><label class=\"wpforms-field-label\" for=\"wpforms-4152-field_2\">Email <span class=\"wpforms-required-label\" aria-hidden=\"true\">*<\/span><\/label><input type=\"email\" id=\"wpforms-4152-field_2\" class=\"wpforms-field-medium wpforms-field-required\" name=\"wpforms[fields][2]\" spellcheck=\"false\" aria-errormessage=\"wpforms-4152-field_2-error\" required><\/div><div id=\"wpforms-4152-field_46-container\" class=\"wpforms-field wpforms-field-text\" data-field-id=\"46\"><label class=\"wpforms-field-label\" for=\"wpforms-4152-field_46\">Telefonnummer <span class=\"wpforms-required-label\" aria-hidden=\"true\">*<\/span><\/label><input type=\"text\" id=\"wpforms-4152-field_46\" class=\"wpforms-field-medium wpforms-field-required\" name=\"wpforms[fields][46]\" aria-errormessage=\"wpforms-4152-field_46-error\" required><\/div><div id=\"wpforms-4152-field_58-container\" class=\"wpforms-field wpforms-field-checkbox\" data-field-id=\"58\"><fieldset><legend class=\"wpforms-field-label\">Best\u00e4llningsval <span class=\"wpforms-required-label\" aria-hidden=\"true\">*<\/span><\/legend><ul id=\"wpforms-4152-field_58\" class=\"wpforms-field-required\" data-choice-limit=\"1\"><li class=\"choice-1 depth-1\"><input type=\"checkbox\" id=\"wpforms-4152-field_58_1\" data-rule-check-limit=\"true\" name=\"wpforms[fields][58][]\" value=\"Trompe-l\u0153il\/Fruktbakelser\" aria-errormessage=\"wpforms-4152-field_58_1-error\" aria-describedby=\"wpforms-4152-field_58-description\" required ><label class=\"wpforms-field-label-inline\" for=\"wpforms-4152-field_58_1\">Trompe-l\u0153il\/Fruktbakelser<\/label><\/li><li class=\"choice-2 depth-1\"><input type=\"checkbox\" id=\"wpforms-4152-field_58_2\" data-rule-check-limit=\"true\" name=\"wpforms[fields][58][]\" value=\"T\u00e5rtor (senast 10-7 dagar innan)\" aria-errormessage=\"wpforms-4152-field_58_2-error\" aria-describedby=\"wpforms-4152-field_58-description\" required ><label class=\"wpforms-field-label-inline\" for=\"wpforms-4152-field_58_2\">T\u00e5rtor (senast 10-7 dagar innan)<\/label><\/li><li class=\"choice-3 depth-1\"><input type=\"checkbox\" id=\"wpforms-4152-field_58_3\" data-rule-check-limit=\"true\" name=\"wpforms[fields][58][]\" value=\"Bakelser  (Senast 3 dagar innan)\" aria-errormessage=\"wpforms-4152-field_58_3-error\" aria-describedby=\"wpforms-4152-field_58-description\" required ><label class=\"wpforms-field-label-inline\" for=\"wpforms-4152-field_58_3\">Bakelser  (Senast 3 dagar innan)<\/label><\/li><\/ul><div id=\"wpforms-4152-field_58-description\" class=\"wpforms-field-description\">Best\u00e4llningar senast 3 dagar innan och de beh\u00f6ver bekr\u00e4ftas.<\/div><\/fieldset><\/div><div id=\"wpforms-4152-field_55-container\" class=\"wpforms-field wpforms-field-text\" data-field-id=\"55\"><label class=\"wpforms-field-label\" for=\"wpforms-4152-field_55\">Beskrivning <span class=\"wpforms-required-label\" aria-hidden=\"true\">*<\/span><\/label><input type=\"text\" id=\"wpforms-4152-field_55\" class=\"wpforms-field-medium wpforms-field-required\" name=\"wpforms[fields][55]\" placeholder=\"Vad. Antal\" aria-errormessage=\"wpforms-4152-field_55-error\" required><\/div><div id=\"wpforms-4152-field_62-container\" class=\"wpforms-field wpforms-field-text\" data-field-id=\"62\"><label class=\"wpforms-field-label\" for=\"wpforms-4152-field_62\">Datum &amp; Tid <span class=\"wpforms-required-label\" aria-hidden=\"true\">*<\/span><\/label><input type=\"text\" id=\"wpforms-4152-field_62\" class=\"wpforms-field-medium wpforms-field-required\" name=\"wpforms[fields][62]\" placeholder=\"yyyy\/mm\/dd - kl.00:00\" aria-errormessage=\"wpforms-4152-field_62-error\" required><\/div><script>\n\t\t\t\t( function() {\n\t\t\t\t\tconst style = document.createElement( 'style' );\n\t\t\t\t\tstyle.appendChild( document.createTextNode( '#wpforms-4152-field_3-container { position: absolute !important; overflow: hidden !important; display: inline !important; height: 1px !important; width: 1px !important; z-index: -1000 !important; padding: 0 !important; } #wpforms-4152-field_3-container input { visibility: hidden; } #wpforms-conversational-form-page #wpforms-4152-field_3-container label { counter-increment: none; }' ) );\n\t\t\t\t\tdocument.head.appendChild( style );\n\t\t\t\t\tdocument.currentScript?.remove();\n\t\t\t\t} )();\n\t\t\t<\/script><\/div><!-- .wpforms-field-container --><div class=\"wpforms-submit-container\" ><input type=\"hidden\" name=\"wpforms[id]\" value=\"4152\"><input type=\"hidden\" name=\"page_title\" value=\"\"><input type=\"hidden\" name=\"page_url\" value=\"https:\/\/desserterie.se\/index.php?rest_route=\/wp\/v2\/pages\/4093\"><input type=\"hidden\" name=\"url_referer\" value=\"\"><button type=\"submit\" name=\"wpforms[submit]\" id=\"wpforms-submit-4152\" class=\"wpforms-submit\" data-alt-text=\"Sending...\" data-submit-text=\"Skicka\" aria-live=\"assertive\" value=\"wpforms-submit\">Skicka<\/button><img decoding=\"async\" src=\"https:\/\/desserterie.se\/wp-content\/plugins\/wpforms-lite\/assets\/images\/submit-spin.svg\" class=\"wpforms-submit-spinner\" style=\"display: none;\" width=\"26\" height=\"26\" alt=\"Loading\"><\/div><\/form><\/div>  <!-- .wpforms-container -->\t\t\t\t<\/div>\n\t\t\t\t<\/div>\n\t\t\t\t\t<\/div>\n\t\t\t\t<\/div>\n\t\t\t\t<\/div>\n\t\t","protected":false},"excerpt":{"rendered":"<p>Please enable JavaScript in your browser to complete this form.Please enable JavaScript in your browser to complete this form.Namn *Email *Telefonnummer * Best\u00e4llningsval * Trompe-l\u0153il\/Fruktbakelser T\u00e5rtor (senast 10-7 dagar innan) Bakelser (Senast 3 dagar innan) Best\u00e4llningar senast 3 dagar innan och de beh\u00f6ver bekr\u00e4ftas. Beskrivning *Datum &amp; Tid * Skicka<\/p>\n","protected":false},"author":1,"featured_media":0,"parent":0,"menu_order":0,"comment_status":"closed","ping_status":"closed","template":"","meta":{"site-sidebar-layout":"default","site-content-layout":"","ast-site-content-layout":"default","site-content-style":"default","site-sidebar-style":"default","ast-global-header-display":"","ast-banner-title-visibility":"","ast-main-header-display":"","ast-hfb-above-header-display":"","ast-hfb-below-header-display":"","ast-hfb-mobile-header-display":"","site-post-title":"","ast-breadcrumbs-content":"","ast-featured-img":"","footer-sml-layout":"","ast-disable-related-posts":"","theme-transparent-header-meta":"","adv-header-id-meta":"","stick-header-meta":"","header-above-stick-meta":"","header-main-stick-meta":"","header-below-stick-meta":"","astra-migrate-meta-layouts":"default","ast-page-background-enabled":"default","ast-page-background-meta":{"desktop":{"background-color":"var(--ast-global-color-4)","background-image":"","background-repeat":"repeat","background-position":"center center","background-size":"auto","background-attachment":"scroll","background-type":"","background-media":"","overlay-type":"","overlay-color":"","overlay-opacity":"","overlay-gradient":""},"tablet":{"background-color":"","background-image":"","background-repeat":"repeat","background-position":"center center","background-size":"auto","background-attachment":"scroll","background-type":"","background-media":"","overlay-type":"","overlay-color":"","overlay-opacity":"","overlay-gradient":""},"mobile":{"background-color":"","background-image":"","background-repeat":"repeat","background-position":"center center","background-size":"auto","background-attachment":"scroll","background-type":"","background-media":"","overlay-type":"","overlay-color":"","overlay-opacity":"","overlay-gradient":""}},"ast-content-background-meta":{"desktop":{"background-color":"var(--ast-global-color-5)","background-image":"","background-repeat":"repeat","background-position":"center center","background-size":"auto","background-attachment":"scroll","background-type":"","background-media":"","overlay-type":"","overlay-color":"","overlay-opacity":"","overlay-gradient":""},"tablet":{"background-color":"var(--ast-global-color-5)","background-image":"","background-repeat":"repeat","background-position":"center center","background-size":"auto","background-attachment":"scroll","background-type":"","background-media":"","overlay-type":"","overlay-color":"","overlay-opacity":"","overlay-gradient":""},"mobile":{"background-color":"var(--ast-global-color-5)","background-image":"","background-repeat":"repeat","background-position":"center center","background-size":"auto","background-attachment":"scroll","background-type":"","background-media":"","overlay-type":"","overlay-color":"","overlay-opacity":"","overlay-gradient":""}},"footnotes":""},"class_list":["post-4093","page","type-page","status-publish","hentry"],"_links":{"self":[{"href":"https:\/\/desserterie.se\/index.php?rest_route=\/wp\/v2\/pages\/4093","targetHints":{"allow":["GET"]}}],"collection":[{"href":"https:\/\/desserterie.se\/index.php?rest_route=\/wp\/v2\/pages"}],"about":[{"href":"https:\/\/desserterie.se\/index.php?rest_route=\/wp\/v2\/types\/page"}],"author":[{"embeddable":true,"href":"https:\/\/desserterie.se\/index.php?rest_route=\/wp\/v2\/users\/1"}],"replies":[{"embeddable":true,"href":"https:\/\/desserterie.se\/index.php?rest_route=%2Fwp%2Fv2%2Fcomments&post=4093"}],"version-history":[{"count":59,"href":"https:\/\/desserterie.se\/index.php?rest_route=\/wp\/v2\/pages\/4093\/revisions"}],"predecessor-version":[{"id":4257,"href":"https:\/\/desserterie.se\/index.php?rest_route=\/wp\/v2\/pages\/4093\/revisions\/4257"}],"wp:attachment":[{"href":"https:\/\/desserterie.se\/index.php?rest_route=%2Fwp%2Fv2%2Fmedia&parent=4093"}],"curies":[{"name":"wp","href":"https:\/\/api.w.org\/{rel}","templated":true}]}}